{"id":617,"date":"2017-07-12T17:19:00","date_gmt":"2017-07-12T17:19:00","guid":{"rendered":"https:\/\/www.masterstreams.co\/my-account\/"},"modified":"2025-11-27T23:13:11","modified_gmt":"2025-11-27T23:13:11","slug":"my-account","status":"publish","type":"page","link":"https:\/\/www.masterstreams.co\/es\/my-account\/","title":{"rendered":"My account"},"content":{"rendered":"<div class=\"wpb-content-wrapper\"><div data-vc-full-width=\"true\" data-vc-full-width-temp=\"true\" data-vc-full-width-init=\"false\" class=\"vc_row wpb_row vc_row-fluid vc_custom_1764269742761 vc_row-has-fill\"><div class=\"wpb_column vc_column_container vc_col-sm-12\"><div class=\"vc_column-inner vc_custom_1764266904247\"><div class=\"wpb_wrapper\">\n\t<div class=\"wpb_text_column wpb_content_element\" >\n\t\t<div class=\"wpb_wrapper\">\n\t\t\t<h4 style=\"text-align: center;\"><span style=\"color: #ffffff;\">Login to your Account<\/span><\/h4>\n\n\t\t<\/div>\n\t<\/div>\n\n\t<div class=\"wpb_text_column wpb_content_element vc_custom_1764285176609\" >\n\t\t<div class=\"wpb_wrapper\">\n\t\t\t<div style=\"color: #ffffff; max-width: 800px; margin: 0 auto;\"><strong>Actualizaci\u00f3n del sistema:<\/strong> Acci\u00f3n requerida \u00a1Hemos lanzado con \u00e9xito nuestro nuevo portal! Por motivos de seguridad y para activar su cuenta en el nuevo sistema, haga clic en \"Forgot your password?\" para crear una nueva contrase\u00f1a. Su contrase\u00f1a anterior ya no funcionar\u00e1.<\/div>\n\n\t\t<\/div>\n\t<\/div>\n\n\t<div class=\"wpb_raw_code wpb_raw_html wpb_content_element\" >\n\t\t<div class=\"wpb_wrapper\">\n\t\t\t<iframe src=\"https:\/\/portal.masterstreams.co\/login-iframe\" title=\"Signin\" style=\"width:100%; height:380px; border:none;\"><\/iframe>\n\t\t<\/div>\n\t<\/div>\n<\/div><\/div><\/div><\/div><div class=\"vc_row-full-width vc_clearfix\"><\/div>\n<\/div>","protected":false},"excerpt":{"rendered":"Login to your Account System Upgrade: Action Required We have successfully launched our new portal! For security and to activate your account in the new system, please click \"Forgot Password?\" to create a new password. Your previous password will no longer work.","protected":false},"author":1,"featured_media":0,"parent":0,"menu_order":0,"comment_status":"closed","ping_status":"closed","template":"","meta":{"_price":"","_stock":"","_tribe_ticket_header":"","_tribe_default_ticket_provider":"","_tribe_ticket_capacity":"0","_ticket_start_date":"","_ticket_end_date":"","_tribe_ticket_show_description":"","_tribe_ticket_show_not_going":false,"_tribe_ticket_use_global_stock":"","_tribe_ticket_global_stock_level":"","_global_stock_mode":"","_global_stock_cap":"","_tribe_rsvp_for_event":"","_tribe_ticket_going_count":"","_tribe_ticket_not_going_count":"","_tribe_tickets_list":"[]","_tribe_ticket_has_attendee_info_fields":false,"footnotes":""},"class_list":["post-617","page","type-page","status-publish","hentry"],"ticketed":false,"_links":{"self":[{"href":"https:\/\/www.masterstreams.co\/es\/wp-json\/wp\/v2\/pages\/617"}],"collection":[{"href":"https:\/\/www.masterstreams.co\/es\/wp-json\/wp\/v2\/pages"}],"about":[{"href":"https:\/\/www.masterstreams.co\/es\/wp-json\/wp\/v2\/types\/page"}],"author":[{"embeddable":true,"href":"https:\/\/www.masterstreams.co\/es\/wp-json\/wp\/v2\/users\/1"}],"replies":[{"embeddable":true,"href":"https:\/\/www.masterstreams.co\/es\/wp-json\/wp\/v2\/comments?post=617"}],"version-history":[{"count":15,"href":"https:\/\/www.masterstreams.co\/es\/wp-json\/wp\/v2\/pages\/617\/revisions"}],"predecessor-version":[{"id":11014,"href":"https:\/\/www.masterstreams.co\/es\/wp-json\/wp\/v2\/pages\/617\/revisions\/11014"}],"wp:attachment":[{"href":"https:\/\/www.masterstreams.co\/es\/wp-json\/wp\/v2\/media?parent=617"}],"curies":[{"name":"wp","href":"https:\/\/api.w.org\/{rel}","templated":true}]}}