{"id":10737,"date":"2025-03-12T23:28:47","date_gmt":"2025-03-12T23:28:47","guid":{"rendered":"https:\/\/www.masterstreams.co\/?page_id=10737"},"modified":"2025-03-12T23:28:47","modified_gmt":"2025-03-12T23:28:47","slug":"publishingadministrator","status":"publish","type":"page","link":"https:\/\/www.masterstreams.co\/es\/publishingadministrator\/","title":{"rendered":"Administrador Editorial"},"content":{"rendered":"<div class=\"wpb-content-wrapper\"><div data-vc-full-width=\"true\" data-vc-full-width-temp=\"true\" data-vc-full-width-init=\"false\" data-vc-stretch-content=\"true\" class=\"vc_row wpb_row vc_row-fluid vc_row-no-padding bg-color-black displaced-top\"><div class=\"wpb_column vc_column_container vc_col-sm-12\"><div class=\"vc_column-inner vc_custom_1562281373361\"><div class=\"wpb_wrapper\"> \r\n<div class=\"ltx-dj-slider\">\r\n\r\n\t<div class=\"ltx-parallax-slider\">\r\n\t\t<div class=\"ltx-header-wrapper\">\r\n\t\t\t\t\t\t<div data-depth=\"0.5\" class=\"ltx-layer ltx-subheader\">\r\n\t\t\t\t<h2 class=\"subheader\">``Publishing Administrator ``<\/h2>\r\n\t\t\t<\/div>\r\n\t\t\t\t\t\r\n\t\t\t\t\t<\/div>\r\n\t\t\t\t<div class=\"ltx-bg\">\r\n\t\t\t<div data-depth=\"0.1\" class=\"ltx-layer\">\r\n\t\t\t\t<img decoding=\"async\" alt=\"bg\" src=\"https:\/\/www.masterstreams.co\/wp-content\/uploads\/2019\/07\/DJ_BG.jpg\" >\r\n\t\t\t<\/div>\r\n\t\t\t<canvas id=\"ltx-particles-canvas\"><\/canvas>\r\n\t\t<\/div>\r\n\t\t\t\t\t\t\r\n\t\t\t\t\t\r\n\t<\/div>\t\r\n\t\r\n<\/div><div class=\"btn-wrap align-center\">\r\n\t<a href=\"\/es\/register\/\"  class=\"btn  btn-lg btn-main color-hover-default align-center get-started-dj-banner\" id=\"like_sc_button_2127518073\">Get Started<\/a><\/div><\/div><\/div><\/div><\/div><div class=\"vc_row-full-width vc_clearfix\"><\/div><section class=\"vc_section\"><div class=\"vc_row wpb_row vc_row-fluid\"><div class=\"wpb_column vc_column_container vc_col-sm-12\"><div class=\"vc_column-inner\"><div class=\"wpb_wrapper\"><div class=\"es-resp\">\t<div class=\"visible-xl\" style=\"height: 48px;\"><\/div>\t<div class=\"hidden-xl hidden-md hidden-sm hidden-ms hidden-xs\" style=\"height: 48px;\"><\/div>\t<div class=\"visible-md\" style=\"height: 48px;\"><\/div>\t<div class=\"visible-sm\" style=\"height: 48px;\"><\/div>\t<div class=\"visible-ms\" style=\"height: 48px;\"><\/div>\t<div class=\"visible-xs\" style=\"height: 48px;\"><\/div><\/div><div class=\"heading  header-subheader align-center color-white subcolor-main transform-default has-subheader theme-icon-second icon-type-hidden heading-tag-h3\" id=\"like_sc_header_170988172\"><h5 class=\"subheader ltx-sr-id-like_sc_header_1709881721046867532 ltx-sr ltx-sr-effect-fade_in ltx-sr-el-block ltx-sr-delay-100 ltx-sr-duration-300 ltx-sr-sequences-50\">Welcome to Master Publishing<\/h5><h3 class=\"header ltx-sr-id-like_sc_header_1709881721757102440 ltx-sr ltx-sr-effect-fade_in ltx-sr-el-block ltx-sr-delay-0 ltx-sr-duration-1000 ltx-sr-sequences-0\">Take Control of Your Music \u2013<br \/>\nAdministraci\u00f3n Simplificada de Editoras<\/h3><\/div><div class=\"ltx-content-width col-align-center\" id=\"like_sc_content_width_285850566\"><div class=\"ltx-wrapper\">\n\t<div class=\"wpb_text_column wpb_content_element\" >\n\t\t<div class=\"wpb_wrapper\">\n\t\t\t<p style=\"text-align: center;\">Start earning publishing royalties now and register unlimited songs for a once-off payment of $75. USD<\/p>\n\n\t\t<\/div>\n\t<\/div>\n<\/div><\/div><div class=\"es-resp\">\t<div class=\"visible-xl\" style=\"height: 64px;\"><\/div>\t<div class=\"hidden-xl hidden-md hidden-sm hidden-ms hidden-xs\" style=\"height: 64px;\"><\/div>\t<div class=\"visible-md\" style=\"height: 64px;\"><\/div>\t<div class=\"visible-sm\" style=\"height: 64px;\"><\/div>\t<div class=\"visible-ms\" style=\"height: 64px;\"><\/div>\t<div class=\"visible-xs\" style=\"height: 64px;\"><\/div><\/div><\/div><\/div><\/div><\/div><\/section><div data-vc-full-width=\"true\" data-vc-full-width-temp=\"true\" data-vc-full-width-init=\"false\" class=\"vc_row wpb_row vc_row-fluid bg-color-black ltx-sr ltx-sr-effect-fade_in ltx-sr-id-731959784 ltx-sr-el-list_el ltx-sr-delay-200 ltx-sr-duration-300 ltx-sr-sequences-100\"><div class=\"wpb_column vc_column_container vc_col-sm-12\"><div class=\"vc_column-inner\"><div class=\"wpb_wrapper\"><div class=\"es-resp\">\t<div class=\"visible-xl\" style=\"height: 110px;\"><\/div>\t<div class=\"hidden-xl hidden-md hidden-sm hidden-ms hidden-xs\" style=\"height: 110px;\"><\/div>\t<div class=\"visible-md\" style=\"height: 110px;\"><\/div>\t<div class=\"visible-sm\" style=\"height: 110px;\"><\/div>\t<div class=\"visible-ms\" style=\"height: 90px;\"><\/div>\t<div class=\"visible-xs\" style=\"height: 90px;\"><\/div><\/div><ul class=\"ltx-block-icon  has-descr  icons-count-6 align-center ltx-icon-color-main ltx-icon-size-default ltx-header-color-default ltx-icon-type-circle ltx-bg-color-transparent layout-cols3 ltx-icon-top  row centered\"  id=\"like_sc_block_icon_1435889265\"><li class=\"col-lg-4 col-md-4 col-sm-4 col-ms-4 col-xs-12\" ><div  data-mh=\"ltx-block-icon-in-1131\" class=\"in matchHeight\"><span class=\"ltx-icon fas fa-globe bg-transparent\" data-mh=\"ltx-icon-span-like_sc_block_icon_1435889265\"><\/span> <h6 class=\"header\"> Red de recaudaci\u00f3n directa <\/h6> <div class=\"descr\">Las canciones est\u00e1n registradas en m\u00e1s de 200 territorios, lo que garantiza que se recauden todos los derechos de ejecuci\u00f3n y mec\u00e1nicos.<\/div><\/div><\/li><li class=\"col-lg-4 col-md-4 col-sm-4 col-ms-4 col-xs-12\" ><div  data-mh=\"ltx-block-icon-in-1131\" class=\"in matchHeight\"><span class=\"ltx-icon fas fa-wallet bg-transparent\" data-mh=\"ltx-icon-span-like_sc_block_icon_1435889265\"><\/span> <h6 class=\"header\"> Oferta de precios flexibles <\/h6> <div class=\"descr\">Administrador de publicaciones dentro de la suscripci\u00f3n de tu tienda o cobrar una tarifa \u00fanica.<\/div><\/div><\/li><li class=\"col-lg-4 col-md-4 col-sm-4 col-ms-4 col-xs-12\" ><div  data-mh=\"ltx-block-icon-in-1131\" class=\"in matchHeight\"><span class=\"ltx-icon fas fa-copyright bg-transparent\" data-mh=\"ltx-icon-span-like_sc_block_icon_1435889265\"><\/span> <h6 class=\"header\"> Conservaci\u00f3n de los derechos de autor <\/h6> <div class=\"descr\">Los artistas conservan el 100 % de sus derechos de autor, pero deben registrar las canciones durante 12 meses para poder cobrar.<\/div><\/div><\/li><li class=\"col-lg-4 col-md-4 col-sm-4 col-ms-4 col-xs-12\" ><div  data-mh=\"ltx-block-icon-in-1131\" class=\"in matchHeight\"><span class=\"ltx-icon fas fa-file-invoice-dollar bg-transparent\" data-mh=\"ltx-icon-span-like_sc_block_icon_1435889265\"><\/span> <h6 class=\"header\"> Contabilidad trimestral <\/h6> <div class=\"descr\">Las regal\u00edas se pagan trimestralmente, con informes detallados y transparentes.<\/div><\/div><\/li><li class=\"col-lg-4 col-md-4 col-sm-4 col-ms-4 col-xs-12\" ><div  data-mh=\"ltx-block-icon-in-1131\" class=\"in matchHeight\"><span class=\"ltx-icon fas fa-laptop bg-transparent\" data-mh=\"ltx-icon-span-like_sc_block_icon_1435889265\"><\/span> <h6 class=\"header\"> F\u00e1cil acceso en l\u00ednea <\/h6> <div class=\"descr\">Gestiona pistas y compositores desde el conjunto de herramientas de administraci\u00f3n del portal.<\/div><\/div><\/li><li class=\"col-lg-4 col-md-4 col-sm-4 col-ms-4 col-xs-12\" ><div  data-mh=\"ltx-block-icon-in-1131\" class=\"in matchHeight\"><span class=\"ltx-icon fas fa-hand-holding-usd bg-transparent\" data-mh=\"ltx-icon-span-like_sc_block_icon_1435889265\"><\/span> <h6 class=\"header\"> Get paid <\/h6> <div class=\"descr\">The money you deserve will start showing up in your Master Publishing account, keeping all your royalties in one convenient place.<\/div><\/div><\/li><\/ul><div class=\"es-resp\">\t<div class=\"visible-xl\" style=\"height: 80px;\"><\/div>\t<div class=\"hidden-xl hidden-md hidden-sm hidden-ms hidden-xs\" style=\"height: 80px;\"><\/div>\t<div class=\"visible-md\" style=\"height: 80px;\"><\/div>\t<div class=\"visible-sm\" style=\"height: 80px;\"><\/div>\t<div class=\"visible-ms\" style=\"height: 60px;\"><\/div>\t<div class=\"visible-xs\" style=\"height: 60px;\"><\/div><\/div><\/div><\/div><\/div><\/div><div class=\"vc_row-full-width vc_clearfix\"><\/div><section data-vc-full-width=\"true\" data-vc-full-width-temp=\"true\" data-vc-full-width-init=\"false\" class=\"vc_section bg-pos-center-center\"><div data-vc-full-width=\"true\" data-vc-full-width-temp=\"true\" data-vc-full-width-init=\"false\" class=\"vc_row wpb_row vc_row-fluid vc_custom_1562179285083 vc_row-has-fill vc_row-o-content-middle vc_row-flex bg-pos-center-center text-align-center-sm-ms\"><div class=\"wpb_column vc_column_container vc_col-sm-6 vc_hidden-sm vc_hidden-xs\"><div class=\"vc_column-inner\"><div class=\"wpb_wrapper\"><div class=\"heading  header-outline-subheader align-left color-white transform-default icon-type-hidden   vc_custom_1740622318685 heading-tag-h4\" id=\"like_sc_header_1156174008\"><h4 class=\"header ltx-sr-id-like_sc_header_11561740081671097793 ltx-sr ltx-sr-effect-fade_in ltx-sr-el-block ltx-sr-delay-0 ltx-sr-duration-1000 ltx-sr-sequences-0\"><span class=\"ltx-mobile\"><span> Sign-up &amp; register your music <\/span><br \/>\nWhen you sign up for Master Publishing, we'll register all your music with collection points around the world, maximizing your potential income.<\/span><span class=\"ltx-desktop\"><svg viewbox=\"0 0 1100 120\"><text x=\"2px\" y=\"50%\" alignment-baseline=\"central\" dominant-baseline=\"middle\"> Sign-up &amp; register your music <\/text><\/svg><br \/>\nWhen you sign up for Master Publishing, we'll register all your music with collection points around the world, maximizing your potential income.<\/span><\/h4><\/div><\/div><\/div><\/div><div class=\"wpb_column vc_column_container vc_col-sm-12 vc_col-md-6\"><div class=\"vc_column-inner\"><div class=\"wpb_wrapper\"><div class=\"heading  heading-large header-outline-subheader align-left color-white transform-default icon-type-hidden   vc_custom_1740622241639 heading-tag-h4\" id=\"like_sc_header_1855341759\"><h4 class=\"header ltx-sr-id-like_sc_header_18553417591395456822 ltx-sr ltx-sr-effect-fade_in ltx-sr-el-block ltx-sr-delay-0 ltx-sr-duration-1000 ltx-sr-sequences-0\"><span class=\"ltx-mobile\"><span> Find and claim the royalties you're due <\/span><br \/>\nOnce you're registered, our system gets to work finding and claiming all your missing publishing royalties.<\/span><span class=\"ltx-desktop\"><svg viewbox=\"0 0 1100 120\"><text x=\"2px\" y=\"50%\" alignment-baseline=\"central\" dominant-baseline=\"middle\"> Find and claim the royalties you're due <\/text><\/svg><br \/>\nOnce you're registered, our system gets to work finding and claiming all your missing publishing royalties.<\/span><\/h4><\/div><\/div><\/div><\/div><\/div><div class=\"vc_row-full-width vc_clearfix\"><\/div><\/section><div class=\"vc_row-full-width vc_clearfix\"><\/div><div class=\"vc_row wpb_row vc_row-fluid vc_custom_1740695474861\"><div class=\"wpb_column vc_column_container vc_col-sm-12\"><div class=\"vc_column-inner\"><div class=\"wpb_wrapper\"><div class=\"heading  heading-large header-outline-subheader align-center color-white transform-default icon-type-hidden btn btn-lg btn-main color-hover-default align-center dj-faq-button  vc_custom_1740695850084 heading-tag-h3\" id=\"like_sc_header_1368781173\"><a href=\"\/es\/faq\/\"><h3 class=\"header ltx-sr-id-like_sc_header_13687811731248064238 ltx-sr ltx-sr-effect-fade_in ltx-sr-el-block ltx-sr-delay-0 ltx-sr-duration-1000 ltx-sr-sequences-0\"><span class=\"ltx-mobile\"><span> Frequently Asked Questions<\/span><\/span><span class=\"ltx-desktop\"><svg viewbox=\"0 0 1100 120\"><text x=\"2px\" y=\"50%\" alignment-baseline=\"central\" dominant-baseline=\"middle\"> Frequently Asked Questions<\/text><\/svg><\/span><\/h3><\/a><\/div><\/div><\/div><\/div><\/div>\n<\/div>","protected":false},"excerpt":{"rendered":"``Publishing Administrator `` Get Started Welcome to Master PublishingTake Control of Your Music \u2013 Simplified Publishing Administration Start earning publishing royalties now and register unlimited songs for a once-off payment of $75. USD Direct Collection Network Songs are registered in 200+ territories, ensuring all performance\/mechanical royalties are captured Flexible Pricing Offer Publishing Admin within your store\u2019s subscription or charge a one-time fee Copyright Retention Artists keep 100% of their copyright but must register songs for 12 months for collection Quarterly Accounting Royalties are paid quarterly, with detailed, transparent reports Easy Online Access Manage tracks and writers from the Portal Admin [...]","protected":false},"author":1,"featured_media":0,"parent":0,"menu_order":0,"comment_status":"closed","ping_status":"closed","template":"page-templates\/full-width.php","meta":{"_price":"","_stock":"","_tribe_ticket_header":"","_tribe_default_ticket_provider":"","_tribe_ticket_capacity":"0","_ticket_start_date":"","_ticket_end_date":"","_tribe_ticket_show_description":"","_tribe_ticket_show_not_going":false,"_tribe_ticket_use_global_stock":"","_tribe_ticket_global_stock_level":"","_global_stock_mode":"","_global_stock_cap":"","_tribe_rsvp_for_event":"","_tribe_ticket_going_count":"","_tribe_ticket_not_going_count":"","_tribe_tickets_list":"[]","_tribe_ticket_has_attendee_info_fields":false,"footnotes":""},"class_list":["post-10737","page","type-page","status-publish","hentry"],"ticketed":false,"_links":{"self":[{"href":"https:\/\/www.masterstreams.co\/es\/wp-json\/wp\/v2\/pages\/10737"}],"collection":[{"href":"https:\/\/www.masterstreams.co\/es\/wp-json\/wp\/v2\/pages"}],"about":[{"href":"https:\/\/www.masterstreams.co\/es\/wp-json\/wp\/v2\/types\/page"}],"author":[{"embeddable":true,"href":"https:\/\/www.masterstreams.co\/es\/wp-json\/wp\/v2\/users\/1"}],"replies":[{"embeddable":true,"href":"https:\/\/www.masterstreams.co\/es\/wp-json\/wp\/v2\/comments?post=10737"}],"version-history":[{"count":2,"href":"https:\/\/www.masterstreams.co\/es\/wp-json\/wp\/v2\/pages\/10737\/revisions"}],"predecessor-version":[{"id":10739,"href":"https:\/\/www.masterstreams.co\/es\/wp-json\/wp\/v2\/pages\/10737\/revisions\/10739"}],"wp:attachment":[{"href":"https:\/\/www.masterstreams.co\/es\/wp-json\/wp\/v2\/media?parent=10737"}],"curies":[{"name":"wp","href":"https:\/\/api.w.org\/{rel}","templated":true}]}}