{"id":10527,"date":"2024-11-07T23:27:14","date_gmt":"2024-11-07T23:27:14","guid":{"rendered":"https:\/\/www.masterstreams.co\/?page_id=10527"},"modified":"2024-11-07T23:27:15","modified_gmt":"2024-11-07T23:27:15","slug":"privacy-policy","status":"publish","type":"page","link":"https:\/\/www.masterstreams.co\/es\/privacy-policy\/","title":{"rendered":"Pol\u00edtica de privacidad"},"content":{"rendered":"<p>Fecha de entrada en vigor: 1 de junio de 2021<\/p>\n<p>Su privacidad es importante para nosotros y queremos comunicarnos con usted de una manera que cuente con su consentimiento y que est\u00e9 en consonancia con las leyes internacionales de protecci\u00f3n de datos, incluido el RGPD.<\/p>\n<p>Recopilamos cierta informaci\u00f3n a trav\u00e9s de nuestro sitio web, ubicado en 1 (nuestro \u00absitio web\u00bb), incluso a trav\u00e9s de los productos y servicios proporcionados en el sitio web. Esta p\u00e1gina (la \u00abpol\u00edtica de privacidad\u00bb) describe nuestras pol\u00edticas y procedimientos con respecto a la recopilaci\u00f3n y el manejo de informaci\u00f3n de identificaci\u00f3n personal (PII) que identifica a un usuario individual o que podr\u00eda utilizarse para contactarlo o localizarlo. (\u00abInformaci\u00f3n de identificaci\u00f3n personal\u00bb o \u00abPII\u00bb).<\/p>\n<p>Esta pol\u00edtica de privacidad se aplica \u00fanicamente a nuestro sitio web y a los productos y servicios que se ofrecen a trav\u00e9s de \u00e9l. No se aplica a ning\u00fan sitio o servicio de terceros vinculado a nuestro sitio web o recomendado por nuestro sitio web, nuestros productos o nuestro personal. Adem\u00e1s, no se aplica a ning\u00fan otro sitio web, producto o servicio operado por Masterstreams LLC ni a nuestras actividades fuera de l\u00ednea.<\/p>\n<p><strong>PII Informaci\u00f3n personal que recopilamos<\/strong><\/p>\n<p>Recopilamos la siguiente informaci\u00f3n de identificaci\u00f3n personal de los usuarios que compran nuestros productos o servicios: nombre, direcci\u00f3n de correo electr\u00f3nico, n\u00famero de tel\u00e9fono, direcci\u00f3n, datos bancarios y\/o n\u00famero de cuenta de TransferWise.<\/p>\n<p>Tambi\u00e9n utilizamos \u00abcookies\u00bb para recopilar cierta informaci\u00f3n de todos los usuarios, incluidos los visitantes web que no realizan compras a trav\u00e9s de nuestro sitio web. Una cookie es una cadena de datos que nuestro sistema env\u00eda a su ordenador y que luego utiliza para identificar su ordenador cuando vuelve a visitar nuestro sitio web. Las cookies proporcionan datos de uso, como la frecuencia con la que visita el sitio, por d\u00f3nde navega y sus interacciones.<\/p>\n<p><strong>Nuestro uso de<\/strong><\/p>\n<p>Al registrarse en Masterstreams, usted confirma su consentimiento para que Masterstreams LLC conserve y procese sus datos personales. Estos datos se utilizan para mantenerle informado y ponerse en contacto con usted por correo electr\u00f3nico en relaci\u00f3n con los servicios en los que ha mostrado inter\u00e9s u otra informaci\u00f3n \u00fatil (puede darse de baja en cualquier momento). Usted otorga su consentimiento para diversos fines, incluida la comunicaci\u00f3n.<\/p>\n<p>Utilizamos su informaci\u00f3n de identificaci\u00f3n personal para crear su cuenta de artista en Masterstreams para el servicio de distribuci\u00f3n de m\u00fasica digital (\u00abServicio\u00bb), operar el servicio, comunicarnos con usted sobre los productos y servicios adquiridos, ofrecerle productos y servicios adicionales y gestionar la facturaci\u00f3n. Tambi\u00e9n utilizamos esta informaci\u00f3n para hacer cumplir los t\u00e9rminos de servicio de nuestro sitio web y prevenir da\u00f1os inminentes a personas o propiedades.<\/p>\n<p><strong>Cookies<\/strong><\/p>\n<p>Utilizamos cookies para mejorar su experiencia en nuestro sitio web. Las cookies permiten que nuestro sitio le recuerde, le proporcione informaci\u00f3n relevante y le sugiera productos y servicios similares. Tambi\u00e9n se recopila informaci\u00f3n estad\u00edstica sobre el uso del sitio web (excluyendo la informaci\u00f3n de identificaci\u00f3n personal) a trav\u00e9s de las cookies.<\/p>\n<p><strong>Protecci\u00f3n de<\/strong><\/p>\n<p>Aunque utilizamos herramientas de seguridad de datos para proteger la informaci\u00f3n de identificaci\u00f3n personal, no podemos garantizar su seguridad absoluta. Al utilizar nuestro sitio web o el servicio, usted reconoce y acepta que no ofrecemos dicha garant\u00eda, y que utiliza nuestro sitio web y nuestro servicio bajo su propia responsabilidad.<\/p>\n<p><strong>Acceso de contratistas y otros terceros a<\/strong><\/p>\n<p>Concedemos a determinados contratistas independientes acceso a informaci\u00f3n de identificaci\u00f3n personal (PII) para que nos ayuden a prestar servicios a los artistas. Estos contratistas est\u00e1n obligados a firmar contratos en los que se comprometen a proteger la PII utilizando procedimientos razonablemente similares a los nuestros. Los usuarios no son terceros beneficiarios de estos contratos. Adem\u00e1s, podemos divulgar la PII a abogados, agencias de cobro o autoridades policiales para abordar posibles infracciones de la pol\u00edtica de uso autorizado, otras infracciones contractuales o comportamientos ilegales. Tambi\u00e9n compartimos la informaci\u00f3n exigida en una orden judicial o requerida por la ley, o para prevenir da\u00f1os inminentes a personas o propiedades. Por \u00faltimo, la PII puede compartirse en relaci\u00f3n con transacciones corporativas, como fusiones, ventas de Masterstreams LLC o procedimientos de quiebra.<\/p>\n<p>Como se mencion\u00f3 anteriormente, recopilamos estad\u00edsticas de uso del sitio web a partir de los datos recopilados a trav\u00e9s de cookies. Si bien podemos publicar o compartir estas estad\u00edsticas con terceros, estas no incluyen<\/p>\n<p>Salvo lo indicado en esta pol\u00edtica de privacidad, no compartimos informaci\u00f3n personal identificable con terceros.<\/p>\n<p><strong>Acceso y correcci\u00f3n de su<\/strong><\/p>\n<p>Puede acceder y modificar cualquier informaci\u00f3n de identificaci\u00f3n personal que almacenamos a trav\u00e9s de la p\u00e1gina \u00abcuenta\u00bb del servicio.<\/p>\n<p>Si no nos da su consentimiento, no podremos utilizar sus datos personales, salvo en determinadas situaciones limitadas (como requisitos legales o protecci\u00f3n del p\u00fablico). Puede retirar o modificar su consentimiento en cualquier momento enviando un correo electr\u00f3nico a support@masterstreams.co. Tenga en cuenta que el tratamiento de sus datos personales cesar\u00e1 una vez que retire su consentimiento, pero esto no afectar\u00e1 a los datos tratados antes de ese momento.<\/p>\n<p><strong>Modificaci\u00f3n de la Pol\u00edtica de privacidad<\/strong><\/p>\n<p>Nos reservamos el derecho a modificar la pol\u00edtica de privacidad en cualquier momento. La nueva versi\u00f3n entrar\u00e1 en vigor en la fecha en que se publique, que aparecer\u00e1 indicada en la parte superior de la p\u00e1gina como nueva fecha de entrada en vigor.<\/p>","protected":false},"excerpt":{"rendered":"<p>Effective date: 1st June 2021 Your privacy is important to us, and we want to communicate with you in a way that has your consent and is in line with international data protection laws, including GDPR. We collect certain information through our website, located at 1 (our \u201cWebsite\u201d), including through the products and services provided on the website. This page (the \u201cprivacy policy\u201d) outlines our policies and procedures regarding the collection and handling of Personally Identifi able Information (PII) that identifi es an individual user or could be used to contact or locate them. (\u201cPersonally Identifi able Information\u201d or \u201cPII\u201d).\u201c [&hellip;]<\/p>\n","protected":false},"author":1,"featured_media":0,"parent":0,"menu_order":0,"comment_status":"closed","ping_status":"closed","template":"","meta":{"_price":"","_stock":"","_tribe_ticket_header":"","_tribe_default_ticket_provider":"","_tribe_ticket_capacity":"0","_ticket_start_date":"","_ticket_end_date":"","_tribe_ticket_show_description":"","_tribe_ticket_show_not_going":false,"_tribe_ticket_use_global_stock":"","_tribe_ticket_global_stock_level":"","_global_stock_mode":"","_global_stock_cap":"","_tribe_rsvp_for_event":"","_tribe_ticket_going_count":"","_tribe_ticket_not_going_count":"","_tribe_tickets_list":"[]","_tribe_ticket_has_attendee_info_fields":false,"footnotes":""},"class_list":["post-10527","page","type-page","status-publish","hentry"],"ticketed":false,"_links":{"self":[{"href":"https:\/\/www.masterstreams.co\/es\/wp-json\/wp\/v2\/pages\/10527"}],"collection":[{"href":"https:\/\/www.masterstreams.co\/es\/wp-json\/wp\/v2\/pages"}],"about":[{"href":"https:\/\/www.masterstreams.co\/es\/wp-json\/wp\/v2\/types\/page"}],"author":[{"embeddable":true,"href":"https:\/\/www.masterstreams.co\/es\/wp-json\/wp\/v2\/users\/1"}],"replies":[{"embeddable":true,"href":"https:\/\/www.masterstreams.co\/es\/wp-json\/wp\/v2\/comments?post=10527"}],"version-history":[{"count":1,"href":"https:\/\/www.masterstreams.co\/es\/wp-json\/wp\/v2\/pages\/10527\/revisions"}],"predecessor-version":[{"id":10528,"href":"https:\/\/www.masterstreams.co\/es\/wp-json\/wp\/v2\/pages\/10527\/revisions\/10528"}],"wp:attachment":[{"href":"https:\/\/www.masterstreams.co\/es\/wp-json\/wp\/v2\/media?parent=10527"}],"curies":[{"name":"wp","href":"https:\/\/api.w.org\/{rel}","templated":true}]}}